{"id":6305,"date":"2021-12-13T11:15:44","date_gmt":"2021-12-13T11:15:44","guid":{"rendered":"https:\/\/isbipe.com\/our-mission-is-to\/"},"modified":"2021-12-13T16:15:58","modified_gmt":"2021-12-13T16:15:58","slug":"our-mission-is-to","status":"publish","type":"page","link":"https:\/\/isbipe.com\/en\/isbipe\/our-mission-is-to\/","title":{"rendered":"Our mission is to"},"content":{"rendered":"[vc_row type=&#8221;full_width_content&#8221; full_screen_row_position=&#8221;middle&#8221; column_margin=&#8221;default&#8221; equal_height=&#8221;yes&#8221; content_placement=&#8221;middle&#8221; column_direction=&#8221;default&#8221; column_direction_tablet=&#8221;default&#8221; column_direction_phone=&#8221;default&#8221; scene_position=&#8221;center&#8221; text_color=&#8221;dark&#8221; text_align=&#8221;left&#8221; row_border_radius=&#8221;none&#8221; row_border_radius_applies=&#8221;bg&#8221; overlay_strength=&#8221;0.3&#8243; gradient_direction=&#8221;left_to_right&#8221; shape_divider_position=&#8221;bottom&#8221; bg_image_animation=&#8221;none&#8221; shape_type=&#8221;&#8221;][vc_column column_padding=&#8221;padding-5-percent&#8221; column_padding_tablet=&#8221;inherit&#8221; column_padding_phone=&#8221;inherit&#8221; column_padding_position=&#8221;all&#8221; background_color_opacity=&#8221;1&#8243; background_hover_color_opacity=&#8221;1&#8243; column_shadow=&#8221;none&#8221; column_border_radius=&#8221;none&#8221; column_link_target=&#8221;_self&#8221; gradient_direction=&#8221;left_to_right&#8221; overlay_strength=&#8221;0.3&#8243; width=&#8221;2\/3&#8243; tablet_width_inherit=&#8221;default&#8221; tablet_text_alignment=&#8221;default&#8221; phone_text_alignment=&#8221;default&#8221; column_border_width=&#8221;none&#8221; column_border_style=&#8221;solid&#8221; bg_image_animation=&#8221;none&#8221;][split_line_heading animation_type=&#8221;line-reveal-by-space&#8221; font_style=&#8221;h2&#8243; text_content=&#8221;Our Mission is to:&#8221; max_width=&#8221;500&#8243;][\/split_line_heading][vc_row_inner column_margin=&#8221;default&#8221; column_direction=&#8221;default&#8221; column_direction_tablet=&#8221;default&#8221; column_direction_phone=&#8221;default&#8221; top_padding=&#8221;20&#8243; text_align=&#8221;left&#8221;][vc_column_inner column_padding=&#8221;no-extra-padding&#8221; column_padding_tablet=&#8221;inherit&#8221; column_padding_phone=&#8221;inherit&#8221; column_padding_position=&#8221;all&#8221; background_color_opacity=&#8221;1&#8243; background_hover_color_opacity=&#8221;1&#8243; column_shadow=&#8221;none&#8221; column_border_radius=&#8221;none&#8221; column_link_target=&#8221;_self&#8221; gradient_direction=&#8221;left_to_right&#8221; overlay_strength=&#8221;0.3&#8243; width=&#8221;1\/2&#8243; tablet_width_inherit=&#8221;default&#8221; column_border_width=&#8221;none&#8221; column_border_style=&#8221;solid&#8221; bg_image_animation=&#8221;none&#8221;]<div class=\"nectar-fancy-ul\" data-list-icon=\"dot\" data-animation=\"false\" data-animation-delay=\"0\" data-spacing=\"20px\" data-alignment=\"left\"> \n<ul>\n<li>Promote health education and prevent injuries or illness in adult and child populations.<\/li>\n<li>Promote R&amp;D and innovation of all proposals supporting those initiatives aimed to enhance wellbeing in children and adults.<\/li>\n<li>Optimize reaction capacity to problems for the whole child and adult population.<\/li>\n<li>Facilitate interprofesional communication among profesionals working in these area, attending people`s movement or development despite their age.<\/li>\n<li>Serve as an educational platform and as an entity with the capacity to undertake multilevel impact investigation as direct implementors or as consultants.<\/li>\n<li>Publicize knowledge related to biomechanical.<\/li>\n<\/ul>\n <\/div>[\/vc_column_inner][vc_column_inner column_padding=&#8221;no-extra-padding&#8221; column_padding_tablet=&#8221;inherit&#8221; column_padding_phone=&#8221;inherit&#8221; column_padding_position=&#8221;all&#8221; background_color_opacity=&#8221;1&#8243; background_hover_color_opacity=&#8221;1&#8243; column_shadow=&#8221;none&#8221; column_border_radius=&#8221;none&#8221; column_link_target=&#8221;_self&#8221; gradient_direction=&#8221;left_to_right&#8221; overlay_strength=&#8221;0.3&#8243; width=&#8221;1\/2&#8243; tablet_width_inherit=&#8221;default&#8221; column_border_width=&#8221;none&#8221; column_border_style=&#8221;solid&#8221; bg_image_animation=&#8221;none&#8221;]<div class=\"nectar-fancy-ul\" data-list-icon=\"dot\" data-animation=\"false\" data-animation-delay=\"0\" data-spacing=\"20px\" data-alignment=\"left\"> \n<ul>\n<li>Developing educational meetings related to biomechanical for any children and adults stage.<\/li>\n<li>Advise and certify projects and proposals aimed at enhancing general wellfare.<\/li>\n<li>Ensure synergies and collaborations with people, societies, associations, entities, public and private corporations in issues related with the health, normal development, and physical and psychosocial wellbeing of children, teenagers and adults.<\/li>\n<li>Respect and protect children&#8217;s rights, especially those included in the Convention on the Rights of the Child.<\/li>\n<\/ul>\n <\/div>[nectar_cta btn_style=&#8221;arrow-animation&#8221; heading_tag=&#8221;h4&#8243; text_color=&#8221;#ff1053&#8243; button_color=&#8221;default&#8221; link_type=&#8221;regular&#8221; alignment=&#8221;left&#8221; display=&#8221;block&#8221; link_text=&#8221;Discover ISBIPE&#8221; url=&#8221;#team&#8221;][\/vc_column_inner][\/vc_row_inner][vc_row_inner column_margin=&#8221;default&#8221; column_direction=&#8221;default&#8221; column_direction_tablet=&#8221;default&#8221; column_direction_phone=&#8221;default&#8221; text_align=&#8221;left&#8221;][vc_column_inner column_padding=&#8221;no-extra-padding&#8221; column_padding_tablet=&#8221;inherit&#8221; column_padding_phone=&#8221;inherit&#8221; column_padding_position=&#8221;all&#8221; top_margin=&#8221;20&#8243; background_color_opacity=&#8221;1&#8243; background_hover_color_opacity=&#8221;1&#8243; column_shadow=&#8221;none&#8221; column_border_radius=&#8221;none&#8221; column_link_target=&#8221;_self&#8221; gradient_direction=&#8221;left_to_right&#8221; overlay_strength=&#8221;0.3&#8243; width=&#8221;1\/1&#8243; tablet_width_inherit=&#8221;default&#8221; column_border_width=&#8221;none&#8221; column_border_style=&#8221;solid&#8221; bg_image_animation=&#8221;none&#8221;][vc_custom_heading text=&#8221;\u201cDefinitely, make the world a better place as best as posible\u201d.&#8221; font_container=&#8221;tag:h3|font_size:26|text_align:left&#8221; use_theme_fonts=&#8221;yes&#8221; css_animation=&#8221;fadeInDownBig&#8221;][\/vc_column_inner][\/vc_row_inner][\/vc_column][vc_column column_padding=&#8221;no-extra-padding&#8221; column_padding_tablet=&#8221;inherit&#8221; column_padding_phone=&#8221;inherit&#8221; column_padding_position=&#8221;all&#8221; background_color_opacity=&#8221;1&#8243; background_hover_color_opacity=&#8221;1&#8243; background_image=&#8221;5939&#8243; background_image_position=&#8221;center center&#8221; enable_bg_scale=&#8221;true&#8221; column_shadow=&#8221;none&#8221; column_border_radius=&#8221;none&#8221; column_link_target=&#8221;_self&#8221; gradient_direction=&#8221;left_to_right&#8221; overlay_strength=&#8221;0.3&#8243; width=&#8221;1\/3&#8243; tablet_width_inherit=&#8221;default&#8221; tablet_text_alignment=&#8221;default&#8221; phone_text_alignment=&#8221;default&#8221; column_border_width=&#8221;none&#8221; column_border_style=&#8221;solid&#8221; bg_image_animation=&#8221;zoom-out-reveal&#8221;][divider line_type=&#8221;No Line&#8221; custom_height=&#8221;300&#8243;][\/vc_column][\/vc_row]\n","protected":false},"excerpt":{"rendered":"<p>[vc_row type=&#8221;full_width_content&#8221; full_screen_row_position=&#8221;middle&#8221; column_margin=&#8221;default&#8221; equal_height=&#8221;yes&#8221; content_placement=&#8221;middle&#8221; column_direction=&#8221;default&#8221; column_direction_tablet=&#8221;default&#8221; column_direction_phone=&#8221;default&#8221; scene_position=&#8221;center&#8221; text_color=&#8221;dark&#8221; text_align=&#8221;left&#8221; row_border_radius=&#8221;none&#8221; row_border_radius_applies=&#8221;bg&#8221; overlay_strength=&#8221;0.3&#8243; gradient_direction=&#8221;left_to_right&#8221; shape_divider_position=&#8221;bottom&#8221; bg_image_animation=&#8221;none&#8221; shape_type=&#8221;&#8221;][vc_column column_padding=&#8221;padding-5-percent&#8221; column_padding_tablet=&#8221;inherit&#8221; column_padding_phone=&#8221;inherit&#8221; column_padding_position=&#8221;all&#8221; background_color_opacity=&#8221;1&#8243; background_hover_color_opacity=&#8221;1&#8243;&#8230;<\/p>\n","protected":false},"author":1,"featured_media":0,"parent":6312,"menu_order":3,"comment_status":"closed","ping_status":"closed","template":"","meta":{"footnotes":""},"class_list":["post-6305","page","type-page","status-publish"],"yoast_head":"<!-- This site is optimized with the Yoast SEO Premium plugin v18.5 (Yoast SEO v27.4) - https:\/\/yoast.com\/product\/yoast-seo-premium-wordpress\/ -->\n<title>Our mission is to | ISBIPE: International Society of Biomechanics and Pediatrics.<\/title>\n<meta name=\"robots\" content=\"index, follow, max-snippet:-1, max-image-preview:large, max-video-preview:-1\" \/>\n<link rel=\"canonical\" href=\"https:\/\/isbipe.com\/en\/isbipe\/our-mission-is-to\/\" \/>\n<meta property=\"og:locale\" content=\"en_US\" \/>\n<meta property=\"og:type\" content=\"article\" \/>\n<meta property=\"og:title\" content=\"Our mission is to\" \/>\n<meta property=\"og:description\" content=\"[vc_row type=&#8221;full_width_content&#8221; full_screen_row_position=&#8221;middle&#8221; column_margin=&#8221;default&#8221; equal_height=&#8221;yes&#8221; content_placement=&#8221;middle&#8221; column_direction=&#8221;default&#8221; column_direction_tablet=&#8221;default&#8221; column_direction_phone=&#8221;default&#8221; scene_position=&#8221;center&#8221; text_color=&#8221;dark&#8221; text_align=&#8221;left&#8221; row_border_radius=&#8221;none&#8221; row_border_radius_applies=&#8221;bg&#8221; overlay_strength=&#8221;0.3&#8243; gradient_direction=&#8221;left_to_right&#8221; shape_divider_position=&#8221;bottom&#8221; bg_image_animation=&#8221;none&#8221; shape_type=&#8221;&#8221;][vc_column column_padding=&#8221;padding-5-percent&#8221; column_padding_tablet=&#8221;inherit&#8221; column_padding_phone=&#8221;inherit&#8221; column_padding_position=&#8221;all&#8221; background_color_opacity=&#8221;1&#8243; background_hover_color_opacity=&#8221;1&#8243;...\" \/>\n<meta property=\"og:url\" content=\"https:\/\/isbipe.com\/en\/isbipe\/our-mission-is-to\/\" \/>\n<meta property=\"og:site_name\" content=\"ISBIPE: International Society of Biomechanics and Pediatrics.\" \/>\n<meta property=\"article:modified_time\" content=\"2021-12-13T16:15:58+00:00\" \/>\n<meta name=\"twitter:card\" content=\"summary_large_image\" \/>\n<meta name=\"twitter:label1\" content=\"Est. reading time\" \/>\n\t<meta name=\"twitter:data1\" content=\"4 minutes\" \/>\n<script type=\"application\/ld+json\" class=\"yoast-schema-graph\">{\"@context\":\"https:\\\/\\\/schema.org\",\"@graph\":[{\"@type\":\"WebPage\",\"@id\":\"https:\\\/\\\/isbipe.com\\\/en\\\/isbipe\\\/our-mission-is-to\\\/\",\"url\":\"https:\\\/\\\/isbipe.com\\\/en\\\/isbipe\\\/our-mission-is-to\\\/\",\"name\":\"Our mission is to | ISBIPE: International Society of Biomechanics and Pediatrics.\",\"isPartOf\":{\"@id\":\"https:\\\/\\\/isbipe.com\\\/en\\\/#website\"},\"datePublished\":\"2021-12-13T11:15:44+00:00\",\"dateModified\":\"2021-12-13T16:15:58+00:00\",\"breadcrumb\":{\"@id\":\"https:\\\/\\\/isbipe.com\\\/en\\\/isbipe\\\/our-mission-is-to\\\/#breadcrumb\"},\"inLanguage\":\"en-US\",\"potentialAction\":[{\"@type\":\"ReadAction\",\"target\":[\"https:\\\/\\\/isbipe.com\\\/en\\\/isbipe\\\/our-mission-is-to\\\/\"]}]},{\"@type\":\"BreadcrumbList\",\"@id\":\"https:\\\/\\\/isbipe.com\\\/en\\\/isbipe\\\/our-mission-is-to\\\/#breadcrumb\",\"itemListElement\":[{\"@type\":\"ListItem\",\"position\":1,\"name\":\"Portada\",\"item\":\"https:\\\/\\\/isbipe.com\\\/en\\\/\"},{\"@type\":\"ListItem\",\"position\":2,\"name\":\"ISBIPE\",\"item\":\"https:\\\/\\\/isbipe.com\\\/en\\\/isbipe\\\/\"},{\"@type\":\"ListItem\",\"position\":3,\"name\":\"Our mission is to\"}]},{\"@type\":\"WebSite\",\"@id\":\"https:\\\/\\\/isbipe.com\\\/en\\\/#website\",\"url\":\"https:\\\/\\\/isbipe.com\\\/en\\\/\",\"name\":\"ISBIPE: International Society of Biomechanics and Pediatrics.\",\"description\":\"Comunidad cient\u00edfica especializada en biomec\u00e1nica pedi\u00e1trica y adulta, integrada por personal sanitario acreditado y apoyada en otras especialidades acad\u00e9micas\",\"publisher\":{\"@id\":\"https:\\\/\\\/isbipe.com\\\/en\\\/#organization\"},\"potentialAction\":[{\"@type\":\"SearchAction\",\"target\":{\"@type\":\"EntryPoint\",\"urlTemplate\":\"https:\\\/\\\/isbipe.com\\\/en\\\/?s={search_term_string}\"},\"query-input\":{\"@type\":\"PropertyValueSpecification\",\"valueRequired\":true,\"valueName\":\"search_term_string\"}}],\"inLanguage\":\"en-US\"},{\"@type\":\"Organization\",\"@id\":\"https:\\\/\\\/isbipe.com\\\/en\\\/#organization\",\"name\":\"ISBIPE - International Society of Biomechanics and Pediatrics.\",\"url\":\"https:\\\/\\\/isbipe.com\\\/en\\\/\",\"logo\":{\"@type\":\"ImageObject\",\"inLanguage\":\"en-US\",\"@id\":\"https:\\\/\\\/isbipe.com\\\/en\\\/#\\\/schema\\\/logo\\\/image\\\/\",\"url\":\"https:\\\/\\\/isbipe.com\\\/wp-content\\\/uploads\\\/2021\\\/02\\\/Logo-ISBIPE-azul.png\",\"contentUrl\":\"https:\\\/\\\/isbipe.com\\\/wp-content\\\/uploads\\\/2021\\\/02\\\/Logo-ISBIPE-azul.png\",\"width\":350,\"height\":112,\"caption\":\"ISBIPE - International Society of Biomechanics and Pediatrics.\"},\"image\":{\"@id\":\"https:\\\/\\\/isbipe.com\\\/en\\\/#\\\/schema\\\/logo\\\/image\\\/\"}}]}<\/script>\n<!-- \/ Yoast SEO Premium plugin. -->","yoast_head_json":{"title":"Our mission is to | ISBIPE: International Society of Biomechanics and Pediatrics.","robots":{"index":"index","follow":"follow","max-snippet":"max-snippet:-1","max-image-preview":"max-image-preview:large","max-video-preview":"max-video-preview:-1"},"canonical":"https:\/\/isbipe.com\/en\/isbipe\/our-mission-is-to\/","og_locale":"en_US","og_type":"article","og_title":"Our mission is to","og_description":"[vc_row type=&#8221;full_width_content&#8221; full_screen_row_position=&#8221;middle&#8221; column_margin=&#8221;default&#8221; equal_height=&#8221;yes&#8221; content_placement=&#8221;middle&#8221; column_direction=&#8221;default&#8221; column_direction_tablet=&#8221;default&#8221; column_direction_phone=&#8221;default&#8221; scene_position=&#8221;center&#8221; text_color=&#8221;dark&#8221; text_align=&#8221;left&#8221; row_border_radius=&#8221;none&#8221; row_border_radius_applies=&#8221;bg&#8221; overlay_strength=&#8221;0.3&#8243; gradient_direction=&#8221;left_to_right&#8221; shape_divider_position=&#8221;bottom&#8221; bg_image_animation=&#8221;none&#8221; shape_type=&#8221;&#8221;][vc_column column_padding=&#8221;padding-5-percent&#8221; column_padding_tablet=&#8221;inherit&#8221; column_padding_phone=&#8221;inherit&#8221; column_padding_position=&#8221;all&#8221; background_color_opacity=&#8221;1&#8243; background_hover_color_opacity=&#8221;1&#8243;...","og_url":"https:\/\/isbipe.com\/en\/isbipe\/our-mission-is-to\/","og_site_name":"ISBIPE: International Society of Biomechanics and Pediatrics.","article_modified_time":"2021-12-13T16:15:58+00:00","twitter_card":"summary_large_image","twitter_misc":{"Est. reading time":"4 minutes"},"schema":{"@context":"https:\/\/schema.org","@graph":[{"@type":"WebPage","@id":"https:\/\/isbipe.com\/en\/isbipe\/our-mission-is-to\/","url":"https:\/\/isbipe.com\/en\/isbipe\/our-mission-is-to\/","name":"Our mission is to | ISBIPE: International Society of Biomechanics and Pediatrics.","isPartOf":{"@id":"https:\/\/isbipe.com\/en\/#website"},"datePublished":"2021-12-13T11:15:44+00:00","dateModified":"2021-12-13T16:15:58+00:00","breadcrumb":{"@id":"https:\/\/isbipe.com\/en\/isbipe\/our-mission-is-to\/#breadcrumb"},"inLanguage":"en-US","potentialAction":[{"@type":"ReadAction","target":["https:\/\/isbipe.com\/en\/isbipe\/our-mission-is-to\/"]}]},{"@type":"BreadcrumbList","@id":"https:\/\/isbipe.com\/en\/isbipe\/our-mission-is-to\/#breadcrumb","itemListElement":[{"@type":"ListItem","position":1,"name":"Portada","item":"https:\/\/isbipe.com\/en\/"},{"@type":"ListItem","position":2,"name":"ISBIPE","item":"https:\/\/isbipe.com\/en\/isbipe\/"},{"@type":"ListItem","position":3,"name":"Our mission is to"}]},{"@type":"WebSite","@id":"https:\/\/isbipe.com\/en\/#website","url":"https:\/\/isbipe.com\/en\/","name":"ISBIPE: International Society of Biomechanics and Pediatrics.","description":"Comunidad cient\u00edfica especializada en biomec\u00e1nica pedi\u00e1trica y adulta, integrada por personal sanitario acreditado y apoyada en otras especialidades acad\u00e9micas","publisher":{"@id":"https:\/\/isbipe.com\/en\/#organization"},"potentialAction":[{"@type":"SearchAction","target":{"@type":"EntryPoint","urlTemplate":"https:\/\/isbipe.com\/en\/?s={search_term_string}"},"query-input":{"@type":"PropertyValueSpecification","valueRequired":true,"valueName":"search_term_string"}}],"inLanguage":"en-US"},{"@type":"Organization","@id":"https:\/\/isbipe.com\/en\/#organization","name":"ISBIPE - International Society of Biomechanics and Pediatrics.","url":"https:\/\/isbipe.com\/en\/","logo":{"@type":"ImageObject","inLanguage":"en-US","@id":"https:\/\/isbipe.com\/en\/#\/schema\/logo\/image\/","url":"https:\/\/isbipe.com\/wp-content\/uploads\/2021\/02\/Logo-ISBIPE-azul.png","contentUrl":"https:\/\/isbipe.com\/wp-content\/uploads\/2021\/02\/Logo-ISBIPE-azul.png","width":350,"height":112,"caption":"ISBIPE - International Society of Biomechanics and Pediatrics."},"image":{"@id":"https:\/\/isbipe.com\/en\/#\/schema\/logo\/image\/"}}]}},"_links":{"self":[{"href":"https:\/\/isbipe.com\/en\/wp-json\/wp\/v2\/pages\/6305","targetHints":{"allow":["GET"]}}],"collection":[{"href":"https:\/\/isbipe.com\/en\/wp-json\/wp\/v2\/pages"}],"about":[{"href":"https:\/\/isbipe.com\/en\/wp-json\/wp\/v2\/types\/page"}],"author":[{"embeddable":true,"href":"https:\/\/isbipe.com\/en\/wp-json\/wp\/v2\/users\/1"}],"replies":[{"embeddable":true,"href":"https:\/\/isbipe.com\/en\/wp-json\/wp\/v2\/comments?post=6305"}],"version-history":[{"count":3,"href":"https:\/\/isbipe.com\/en\/wp-json\/wp\/v2\/pages\/6305\/revisions"}],"predecessor-version":[{"id":6323,"href":"https:\/\/isbipe.com\/en\/wp-json\/wp\/v2\/pages\/6305\/revisions\/6323"}],"up":[{"embeddable":true,"href":"https:\/\/isbipe.com\/en\/wp-json\/wp\/v2\/pages\/6312"}],"wp:attachment":[{"href":"https:\/\/isbipe.com\/en\/wp-json\/wp\/v2\/media?parent=6305"}],"curies":[{"name":"wp","href":"https:\/\/api.w.org\/{rel}","templated":true}]}}