{"id":6291,"date":"2021-12-13T09:39:54","date_gmt":"2021-12-13T09:39:54","guid":{"rendered":"https:\/\/isbipe.com\/advice\/"},"modified":"2021-12-13T09:39:56","modified_gmt":"2021-12-13T09:39:56","slug":"advice","status":"publish","type":"page","link":"https:\/\/isbipe.com\/en\/services\/advice\/","title":{"rendered":"Advice"},"content":{"rendered":"[vc_row type=&#8221;full_width_background&#8221; full_screen_row_position=&#8221;middle&#8221; column_margin=&#8221;default&#8221; column_direction=&#8221;default&#8221; column_direction_tablet=&#8221;default&#8221; column_direction_phone=&#8221;default&#8221; bg_image=&#8221;6003&#8243; bg_position=&#8221;center center&#8221; bg_repeat=&#8221;no-repeat&#8221; scene_position=&#8221;center&#8221; top_padding=&#8221;13%&#8221; bottom_padding=&#8221;9%&#8221; text_color=&#8221;light&#8221; text_align=&#8221;left&#8221; row_border_radius=&#8221;none&#8221; row_border_radius_applies=&#8221;bg&#8221; enable_gradient=&#8221;true&#8221; color_overlay=&#8221;#103d5c&#8221; color_overlay_2=&#8221;rgba(0,104,130,0.88)&#8221; overlay_strength=&#8221;0.95&#8243; gradient_direction=&#8221;left_t_to_right_b&#8221; shape_divider_position=&#8221;bottom&#8221; bg_image_animation=&#8221;none&#8221; parallax_bg=&#8221;true&#8221; parallax_bg_speed=&#8221;fast&#8221; shape_type=&#8221;&#8221;][vc_column column_padding=&#8221;no-extra-padding&#8221; column_padding_tablet=&#8221;inherit&#8221; column_padding_phone=&#8221;inherit&#8221; column_padding_position=&#8221;all&#8221; background_color_opacity=&#8221;1&#8243; background_hover_color_opacity=&#8221;1&#8243; column_shadow=&#8221;none&#8221; column_border_radius=&#8221;none&#8221; column_link_target=&#8221;_self&#8221; gradient_direction=&#8221;left_to_right&#8221; overlay_strength=&#8221;0.3&#8243; width=&#8221;1\/1&#8243; tablet_width_inherit=&#8221;default&#8221; tablet_text_alignment=&#8221;default&#8221; phone_text_alignment=&#8221;default&#8221; column_border_width=&#8221;none&#8221; column_border_style=&#8221;solid&#8221; bg_image_animation=&#8221;none&#8221;][vc_column_text]\n<h1>Advice<\/h1>\n<p>Specialized Consultancy[\/vc_column_text][\/vc_column][\/vc_row][vc_row type=&#8221;full_width_background&#8221; full_screen_row_position=&#8221;middle&#8221; column_margin=&#8221;90px&#8221; equal_height=&#8221;yes&#8221; content_placement=&#8221;middle&#8221; column_direction=&#8221;default&#8221; column_direction_tablet=&#8221;default&#8221; column_direction_phone=&#8221;default&#8221; bg_color=&#8221;#ffffff&#8221; scene_position=&#8221;center&#8221; top_padding=&#8221;10%&#8221; constrain_group_1=&#8221;yes&#8221; bottom_padding=&#8221;10%&#8221; top_padding_tablet=&#8221;8%&#8221; bottom_padding_tablet=&#8221;8%&#8221; text_color=&#8221;dark&#8221; text_align=&#8221;left&#8221; row_border_radius=&#8221;none&#8221; row_border_radius_applies=&#8221;bg&#8221; id=&#8221;home&#8221; enable_gradient=&#8221;true&#8221; color_overlay=&#8221;#e5e5e5&#8243; color_overlay_2=&#8221;#ffffff&#8221; overlay_strength=&#8221;0.5&#8243; gradient_direction=&#8221;left_to_right&#8221; shape_divider_position=&#8221;bottom&#8221; bg_image_animation=&#8221;none&#8221; shape_type=&#8221;straight_section&#8221;][vc_column column_padding=&#8221;padding-2-percent&#8221; column_padding_tablet=&#8221;no-extra-padding&#8221; column_padding_phone=&#8221;no-extra-padding&#8221; column_padding_position=&#8221;right&#8221; background_color_opacity=&#8221;1&#8243; background_hover_color_opacity=&#8221;1&#8243; column_shadow=&#8221;none&#8221; column_border_radius=&#8221;none&#8221; column_link_target=&#8221;_self&#8221; zindex=&#8221;100&#8243; gradient_direction=&#8221;left_t_to_right_b&#8221; overlay_strength=&#8221;0.3&#8243; width=&#8221;1\/2&#8243; tablet_width_inherit=&#8221;default&#8221; tablet_text_alignment=&#8221;default&#8221; phone_text_alignment=&#8221;default&#8221; column_border_width=&#8221;none&#8221; column_border_style=&#8221;solid&#8221; bg_image_animation=&#8221;none&#8221; offset=&#8221;vc_col-xs-12&#8243;][vc_row_inner column_margin=&#8221;default&#8221; column_direction=&#8221;default&#8221; column_direction_tablet=&#8221;default&#8221; column_direction_phone=&#8221;default&#8221; text_align=&#8221;left&#8221; min_width=&#8221;47vh&#8221;][vc_column_inner column_padding=&#8221;no-extra-padding&#8221; column_padding_tablet=&#8221;inherit&#8221; column_padding_phone=&#8221;inherit&#8221; column_padding_position=&#8221;all&#8221; background_color_opacity=&#8221;1&#8243; background_hover_color_opacity=&#8221;1&#8243; column_shadow=&#8221;none&#8221; column_border_radius=&#8221;none&#8221; column_link_target=&#8221;_self&#8221; gradient_direction=&#8221;left_to_right&#8221; overlay_strength=&#8221;0.3&#8243; width=&#8221;1\/1&#8243; tablet_width_inherit=&#8221;default&#8221; column_border_width=&#8221;none&#8221; column_border_style=&#8221;solid&#8221; enable_border_animation=&#8221;true&#8221; bg_image_animation=&#8221;none&#8221; enable_animation=&#8221;true&#8221; animation=&#8221;fade-in-from-bottom&#8221;][divider line_type=&#8221;No Line&#8221; custom_height=&#8221;30&#8243; custom_height_phone=&#8221;20&#8243;][vc_column_text]We work as a specialized consulting for all kinds of professionals, companies and agencies, focused on speed processes and optimize results in pursuit of improving the populations`s quality of life, wether they are patients or consumers of a product in order to improve their living standards.[\/vc_column_text][divider line_type=&#8221;No Line&#8221; custom_height=&#8221;30&#8243;]<div class=\"iwithtext\"><div class=\"iwt-icon\">  <\/div><div class=\"iwt-text\"> \n<h3><strong>&#8221;We provide the available scientific evidence, made a conscious explicitly and wisely choice, to make decisions in relation to care of people, either individually or as a group.&#8221;<\/strong><\/h3>\n <\/div><div class=\"clear\"><\/div><\/div>[\/vc_column_inner][\/vc_row_inner][\/vc_column][vc_column column_padding=&#8221;no-extra-padding&#8221; column_padding_tablet=&#8221;inherit&#8221; column_padding_phone=&#8221;inherit&#8221; column_padding_position=&#8221;all&#8221; background_color_opacity=&#8221;1&#8243; background_hover_color_opacity=&#8221;1&#8243; column_shadow=&#8221;none&#8221; column_border_radius=&#8221;none&#8221; column_link_target=&#8221;_self&#8221; gradient_direction=&#8221;left_to_right&#8221; overlay_strength=&#8221;0.5&#8243; width=&#8221;1\/2&#8243; tablet_width_inherit=&#8221;default&#8221; tablet_text_alignment=&#8221;default&#8221; phone_text_alignment=&#8221;default&#8221; column_border_width=&#8221;none&#8221; column_border_style=&#8221;solid&#8221; bg_image_animation=&#8221;none&#8221; offset=&#8221;vc_col-xs-12&#8243;][vc_row_inner column_margin=&#8221;default&#8221; column_direction=&#8221;default&#8221; column_direction_tablet=&#8221;default&#8221; column_direction_phone=&#8221;default&#8221; text_align=&#8221;left&#8221; min_width_desktop=&#8221;43vw&#8221; min_width_tablet=&#8221;50vw&#8221; min_width_phone=&#8221;50vw&#8221;][vc_column_inner column_padding=&#8221;no-extra-padding&#8221; column_padding_tablet=&#8221;inherit&#8221; column_padding_phone=&#8221;inherit&#8221; column_padding_position=&#8221;all&#8221; background_color_opacity=&#8221;1&#8243; background_hover_color_opacity=&#8221;1&#8243; background_image=&#8221;5980&#8243; background_image_position=&#8221;center center&#8221; enable_bg_scale=&#8221;true&#8221; column_shadow=&#8221;none&#8221; column_border_radius=&#8221;none&#8221; column_link_target=&#8221;_self&#8221; gradient_direction=&#8221;left_to_right&#8221; overlay_strength=&#8221;0.5&#8243; width=&#8221;1\/1&#8243; tablet_width_inherit=&#8221;default&#8221; column_border_width=&#8221;none&#8221; column_border_style=&#8221;solid&#8221; bg_image_animation=&#8221;zoom-out-high&#8221;][divider line_type=&#8221;No Line&#8221; custom_height=&#8221;50vh&#8221; custom_height_tablet=&#8221;40vh&#8221; custom_height_phone=&#8221;300px&#8221;][\/vc_column_inner][\/vc_row_inner][\/vc_column][\/vc_row]\n","protected":false},"excerpt":{"rendered":"<p>[vc_row type=&#8221;full_width_background&#8221; full_screen_row_position=&#8221;middle&#8221; column_margin=&#8221;default&#8221; column_direction=&#8221;default&#8221; column_direction_tablet=&#8221;default&#8221; column_direction_phone=&#8221;default&#8221; bg_image=&#8221;6003&#8243; bg_position=&#8221;center center&#8221; bg_repeat=&#8221;no-repeat&#8221; scene_position=&#8221;center&#8221; top_padding=&#8221;13%&#8221; bottom_padding=&#8221;9%&#8221; text_color=&#8221;light&#8221; text_align=&#8221;left&#8221; row_border_radius=&#8221;none&#8221; row_border_radius_applies=&#8221;bg&#8221; enable_gradient=&#8221;true&#8221; color_overlay=&#8221;#103d5c&#8221; color_overlay_2=&#8221;rgba(0,104,130,0.88)&#8221; overlay_strength=&#8221;0.95&#8243; gradient_direction=&#8221;left_t_to_right_b&#8221; shape_divider_position=&#8221;bottom&#8221; bg_image_animation=&#8221;none&#8221;&#8230;<\/p>\n","protected":false},"author":1,"featured_media":0,"parent":6295,"menu_order":4,"comment_status":"closed","ping_status":"closed","template":"","meta":{"footnotes":""},"class_list":["post-6291","page","type-page","status-publish"],"yoast_head":"<!-- This site is optimized with the Yoast SEO Premium plugin v18.5 (Yoast SEO v27.4) - https:\/\/yoast.com\/product\/yoast-seo-premium-wordpress\/ -->\n<title>Advice | ISBIPE: International Society of Biomechanics and Pediatrics.<\/title>\n<meta name=\"robots\" content=\"index, follow, max-snippet:-1, max-image-preview:large, max-video-preview:-1\" \/>\n<link rel=\"canonical\" href=\"https:\/\/isbipe.com\/en\/services\/advice\/\" \/>\n<meta property=\"og:locale\" content=\"en_US\" \/>\n<meta property=\"og:type\" content=\"article\" \/>\n<meta property=\"og:title\" content=\"Advice\" \/>\n<meta property=\"og:description\" content=\"[vc_row type=&#8221;full_width_background&#8221; full_screen_row_position=&#8221;middle&#8221; column_margin=&#8221;default&#8221; column_direction=&#8221;default&#8221; column_direction_tablet=&#8221;default&#8221; column_direction_phone=&#8221;default&#8221; bg_image=&#8221;6003&#8243; bg_position=&#8221;center center&#8221; bg_repeat=&#8221;no-repeat&#8221; scene_position=&#8221;center&#8221; top_padding=&#8221;13%&#8221; bottom_padding=&#8221;9%&#8221; text_color=&#8221;light&#8221; text_align=&#8221;left&#8221; row_border_radius=&#8221;none&#8221; row_border_radius_applies=&#8221;bg&#8221; enable_gradient=&#8221;true&#8221; color_overlay=&#8221;#103d5c&#8221; color_overlay_2=&#8221;rgba(0,104,130,0.88)&#8221; overlay_strength=&#8221;0.95&#8243; gradient_direction=&#8221;left_t_to_right_b&#8221; shape_divider_position=&#8221;bottom&#8221; bg_image_animation=&#8221;none&#8221;...\" \/>\n<meta property=\"og:url\" content=\"https:\/\/isbipe.com\/en\/services\/advice\/\" \/>\n<meta property=\"og:site_name\" content=\"ISBIPE: International Society of Biomechanics and Pediatrics.\" \/>\n<meta property=\"article:modified_time\" content=\"2021-12-13T09:39:56+00:00\" \/>\n<meta name=\"twitter:card\" content=\"summary_large_image\" \/>\n<meta name=\"twitter:label1\" content=\"Est. reading time\" \/>\n\t<meta name=\"twitter:data1\" content=\"4 minutes\" \/>\n<script type=\"application\/ld+json\" class=\"yoast-schema-graph\">{\"@context\":\"https:\\\/\\\/schema.org\",\"@graph\":[{\"@type\":\"WebPage\",\"@id\":\"https:\\\/\\\/isbipe.com\\\/en\\\/services\\\/advice\\\/\",\"url\":\"https:\\\/\\\/isbipe.com\\\/en\\\/services\\\/advice\\\/\",\"name\":\"Advice | ISBIPE: International Society of Biomechanics and Pediatrics.\",\"isPartOf\":{\"@id\":\"https:\\\/\\\/isbipe.com\\\/en\\\/#website\"},\"datePublished\":\"2021-12-13T09:39:54+00:00\",\"dateModified\":\"2021-12-13T09:39:56+00:00\",\"breadcrumb\":{\"@id\":\"https:\\\/\\\/isbipe.com\\\/en\\\/services\\\/advice\\\/#breadcrumb\"},\"inLanguage\":\"en-US\",\"potentialAction\":[{\"@type\":\"ReadAction\",\"target\":[\"https:\\\/\\\/isbipe.com\\\/en\\\/services\\\/advice\\\/\"]}]},{\"@type\":\"BreadcrumbList\",\"@id\":\"https:\\\/\\\/isbipe.com\\\/en\\\/services\\\/advice\\\/#breadcrumb\",\"itemListElement\":[{\"@type\":\"ListItem\",\"position\":1,\"name\":\"Portada\",\"item\":\"https:\\\/\\\/isbipe.com\\\/en\\\/\"},{\"@type\":\"ListItem\",\"position\":2,\"name\":\"Services\",\"item\":\"https:\\\/\\\/isbipe.com\\\/en\\\/services\\\/\"},{\"@type\":\"ListItem\",\"position\":3,\"name\":\"Advice\"}]},{\"@type\":\"WebSite\",\"@id\":\"https:\\\/\\\/isbipe.com\\\/en\\\/#website\",\"url\":\"https:\\\/\\\/isbipe.com\\\/en\\\/\",\"name\":\"ISBIPE: International Society of Biomechanics and Pediatrics.\",\"description\":\"Comunidad cient\u00edfica especializada en biomec\u00e1nica pedi\u00e1trica y adulta, integrada por personal sanitario acreditado y apoyada en otras especialidades acad\u00e9micas\",\"publisher\":{\"@id\":\"https:\\\/\\\/isbipe.com\\\/en\\\/#organization\"},\"potentialAction\":[{\"@type\":\"SearchAction\",\"target\":{\"@type\":\"EntryPoint\",\"urlTemplate\":\"https:\\\/\\\/isbipe.com\\\/en\\\/?s={search_term_string}\"},\"query-input\":{\"@type\":\"PropertyValueSpecification\",\"valueRequired\":true,\"valueName\":\"search_term_string\"}}],\"inLanguage\":\"en-US\"},{\"@type\":\"Organization\",\"@id\":\"https:\\\/\\\/isbipe.com\\\/en\\\/#organization\",\"name\":\"ISBIPE - International Society of Biomechanics and Pediatrics.\",\"url\":\"https:\\\/\\\/isbipe.com\\\/en\\\/\",\"logo\":{\"@type\":\"ImageObject\",\"inLanguage\":\"en-US\",\"@id\":\"https:\\\/\\\/isbipe.com\\\/en\\\/#\\\/schema\\\/logo\\\/image\\\/\",\"url\":\"https:\\\/\\\/isbipe.com\\\/wp-content\\\/uploads\\\/2021\\\/02\\\/Logo-ISBIPE-azul.png\",\"contentUrl\":\"https:\\\/\\\/isbipe.com\\\/wp-content\\\/uploads\\\/2021\\\/02\\\/Logo-ISBIPE-azul.png\",\"width\":350,\"height\":112,\"caption\":\"ISBIPE - International Society of Biomechanics and Pediatrics.\"},\"image\":{\"@id\":\"https:\\\/\\\/isbipe.com\\\/en\\\/#\\\/schema\\\/logo\\\/image\\\/\"}}]}<\/script>\n<!-- \/ Yoast SEO Premium plugin. -->","yoast_head_json":{"title":"Advice | ISBIPE: International Society of Biomechanics and Pediatrics.","robots":{"index":"index","follow":"follow","max-snippet":"max-snippet:-1","max-image-preview":"max-image-preview:large","max-video-preview":"max-video-preview:-1"},"canonical":"https:\/\/isbipe.com\/en\/services\/advice\/","og_locale":"en_US","og_type":"article","og_title":"Advice","og_description":"[vc_row type=&#8221;full_width_background&#8221; full_screen_row_position=&#8221;middle&#8221; column_margin=&#8221;default&#8221; column_direction=&#8221;default&#8221; column_direction_tablet=&#8221;default&#8221; column_direction_phone=&#8221;default&#8221; bg_image=&#8221;6003&#8243; bg_position=&#8221;center center&#8221; bg_repeat=&#8221;no-repeat&#8221; scene_position=&#8221;center&#8221; top_padding=&#8221;13%&#8221; bottom_padding=&#8221;9%&#8221; text_color=&#8221;light&#8221; text_align=&#8221;left&#8221; row_border_radius=&#8221;none&#8221; row_border_radius_applies=&#8221;bg&#8221; enable_gradient=&#8221;true&#8221; color_overlay=&#8221;#103d5c&#8221; color_overlay_2=&#8221;rgba(0,104,130,0.88)&#8221; overlay_strength=&#8221;0.95&#8243; gradient_direction=&#8221;left_t_to_right_b&#8221; shape_divider_position=&#8221;bottom&#8221; bg_image_animation=&#8221;none&#8221;...","og_url":"https:\/\/isbipe.com\/en\/services\/advice\/","og_site_name":"ISBIPE: International Society of Biomechanics and Pediatrics.","article_modified_time":"2021-12-13T09:39:56+00:00","twitter_card":"summary_large_image","twitter_misc":{"Est. reading time":"4 minutes"},"schema":{"@context":"https:\/\/schema.org","@graph":[{"@type":"WebPage","@id":"https:\/\/isbipe.com\/en\/services\/advice\/","url":"https:\/\/isbipe.com\/en\/services\/advice\/","name":"Advice | ISBIPE: International Society of Biomechanics and Pediatrics.","isPartOf":{"@id":"https:\/\/isbipe.com\/en\/#website"},"datePublished":"2021-12-13T09:39:54+00:00","dateModified":"2021-12-13T09:39:56+00:00","breadcrumb":{"@id":"https:\/\/isbipe.com\/en\/services\/advice\/#breadcrumb"},"inLanguage":"en-US","potentialAction":[{"@type":"ReadAction","target":["https:\/\/isbipe.com\/en\/services\/advice\/"]}]},{"@type":"BreadcrumbList","@id":"https:\/\/isbipe.com\/en\/services\/advice\/#breadcrumb","itemListElement":[{"@type":"ListItem","position":1,"name":"Portada","item":"https:\/\/isbipe.com\/en\/"},{"@type":"ListItem","position":2,"name":"Services","item":"https:\/\/isbipe.com\/en\/services\/"},{"@type":"ListItem","position":3,"name":"Advice"}]},{"@type":"WebSite","@id":"https:\/\/isbipe.com\/en\/#website","url":"https:\/\/isbipe.com\/en\/","name":"ISBIPE: International Society of Biomechanics and Pediatrics.","description":"Comunidad cient\u00edfica especializada en biomec\u00e1nica pedi\u00e1trica y adulta, integrada por personal sanitario acreditado y apoyada en otras especialidades acad\u00e9micas","publisher":{"@id":"https:\/\/isbipe.com\/en\/#organization"},"potentialAction":[{"@type":"SearchAction","target":{"@type":"EntryPoint","urlTemplate":"https:\/\/isbipe.com\/en\/?s={search_term_string}"},"query-input":{"@type":"PropertyValueSpecification","valueRequired":true,"valueName":"search_term_string"}}],"inLanguage":"en-US"},{"@type":"Organization","@id":"https:\/\/isbipe.com\/en\/#organization","name":"ISBIPE - International Society of Biomechanics and Pediatrics.","url":"https:\/\/isbipe.com\/en\/","logo":{"@type":"ImageObject","inLanguage":"en-US","@id":"https:\/\/isbipe.com\/en\/#\/schema\/logo\/image\/","url":"https:\/\/isbipe.com\/wp-content\/uploads\/2021\/02\/Logo-ISBIPE-azul.png","contentUrl":"https:\/\/isbipe.com\/wp-content\/uploads\/2021\/02\/Logo-ISBIPE-azul.png","width":350,"height":112,"caption":"ISBIPE - International Society of Biomechanics and Pediatrics."},"image":{"@id":"https:\/\/isbipe.com\/en\/#\/schema\/logo\/image\/"}}]}},"_links":{"self":[{"href":"https:\/\/isbipe.com\/en\/wp-json\/wp\/v2\/pages\/6291","targetHints":{"allow":["GET"]}}],"collection":[{"href":"https:\/\/isbipe.com\/en\/wp-json\/wp\/v2\/pages"}],"about":[{"href":"https:\/\/isbipe.com\/en\/wp-json\/wp\/v2\/types\/page"}],"author":[{"embeddable":true,"href":"https:\/\/isbipe.com\/en\/wp-json\/wp\/v2\/users\/1"}],"replies":[{"embeddable":true,"href":"https:\/\/isbipe.com\/en\/wp-json\/wp\/v2\/comments?post=6291"}],"version-history":[{"count":1,"href":"https:\/\/isbipe.com\/en\/wp-json\/wp\/v2\/pages\/6291\/revisions"}],"predecessor-version":[{"id":6292,"href":"https:\/\/isbipe.com\/en\/wp-json\/wp\/v2\/pages\/6291\/revisions\/6292"}],"up":[{"embeddable":true,"href":"https:\/\/isbipe.com\/en\/wp-json\/wp\/v2\/pages\/6295"}],"wp:attachment":[{"href":"https:\/\/isbipe.com\/en\/wp-json\/wp\/v2\/media?parent=6291"}],"curies":[{"name":"wp","href":"https:\/\/api.w.org\/{rel}","templated":true}]}}